{"id":3,"date":"2023-09-14T23:53:13","date_gmt":"2023-09-14T21:53:13","guid":{"rendered":"http:\/\/shop.asitecsas.com\/?page_id=3"},"modified":"2023-09-25T18:52:23","modified_gmt":"2023-09-25T16:52:23","slug":"politica-privacidad","status":"publish","type":"page","link":"https:\/\/shop.asitecsas.com\/index.php\/politica-privacidad\/","title":{"rendered":"Politicas de privacidad"},"content":{"rendered":"\n<h1 class=\"wp-block-heading has-text-align-center has-vivid-cyan-blue-color has-text-color\">Politicas de privacidad<\/h1>\n\n\n\n<p>Politicas de privacidad del sitio web de&nbsp;<strong>ASISTENCIA TECNOLOGICA SAS<\/strong>&nbsp;es propiedad de&nbsp;<strong>ASISTENCIA TECNOLOGICA SAS<\/strong>, quien es responsable del tratamiento de sus datos personales.<\/p>\n\n\n\n<p>tambi\u00e9n proporciona las razones por las cuales debemos recopilar ciertos datos personales sobre usted. Por lo tanto, debe leer esta Pol\u00edtica de Privacidad antes de utilizar el sitio web de ASISTENCIA TECNOLOGICA SAS.<\/p>\n\n\n\n<p>Cuidamos tus datos personales y nos comprometemos a garantizar su confidencialidad y seguridad.<\/p>\n\n\n\n<h6 class=\"wp-block-heading\"><strong>\u00bfPor qu\u00e9 tratamos tus datos?<\/strong><\/h6>\n\n\n\n<p>Nuestra principal prioridad es la seguridad de los datos de los clientes y, como tal, podemos procesar solo una cantidad m\u00ednima de datos de los usuarios, solo la cantidad que sea absolutamente necesaria para mantener el sitio web.<\/p>\n\n\n\n<h6 class=\"wp-block-heading\"><strong>Tus derechos:<\/strong><\/h6>\n\n\n\n<p>Si es residente europeo, tiene los siguientes derechos relacionados con sus datos personales:<\/p>\n\n\n\n<p>a ser informado.<\/p>\n\n\n\n<p>a la portabilidad de los datos.<\/p>\n\n\n\n<p>Derechos en relaci\u00f3n con la toma de decisiones automatizada y la elaboraci\u00f3n de perfiles.<\/p>\n\n\n\n<p>Si desea ejercer este derecho, comun\u00edquese con nosotros a trav\u00e9s de la informaci\u00f3n de contacto a continuaci\u00f3n.<\/p>\n\n\n\n<h6 class=\"wp-block-heading\"><strong>Enlaces a otros sitios web:<\/strong><\/h6>\n\n\n\n<p>Nuestro sitio web puede contener enlaces a otros sitios web que no son de nuestra propiedad ni est\u00e1n controlados por nosotros. Tenga en cuenta que no somos responsables de dichos sitios web ni de las pr\u00e1cticas de privacidad de terceros.<\/p>\n\n\n\n<h6 class=\"wp-block-heading\"><strong>Seguridad de informaci\u00f3n:<\/strong><\/h6>\n\n\n\n<p>Protegemos la informaci\u00f3n que usted proporciona en servidores inform\u00e1ticos en un entorno controlado y seguro, protegido del acceso, uso o divulgaci\u00f3n no autorizados. Mantenemos salvaguardias administrativas.<\/p>\n\n\n\n<h6 class=\"wp-block-heading\"><strong>Divulgaci\u00f3n legal:<\/strong><\/h6>\n\n\n\n<p>Divulgaremos cualquier informaci\u00f3n que recopilemos, usemos o recibamos si la ley lo requiere o lo permite, como para cumplir con una citaci\u00f3n o proceso legal similar, y cuando creamos de buena fe que la divulgaci\u00f3n es necesaria para proteger nuestros derechos.<\/p>\n\n\n\n<h6 class=\"wp-block-heading\"><strong>Informaci\u00f3n del contacto:<\/strong><\/h6>\n\n\n\n<p>Si desea comunicarse con nosotros para comprender m\u00e1s sobre esta Pol\u00edtica o desea comunicarse con nosotros sobre cualquier asunto relacionado con los derechos individuales y su Informaci\u00f3n personal, puede enviar un correo electr\u00f3nico a <strong>redes@asitecsas.com.<\/strong><\/p>\n\n\n\n<figure class=\"wp-block-image aligncenter size-full\"><img decoding=\"async\" loading=\"lazy\" width=\"394\" height=\"240\" src=\"https:\/\/shop.asitecsas.com\/wp-content\/uploads\/2023\/09\/logo-asistencia-tecnologica-nombre.png\" alt=\"\" class=\"wp-image-23\" srcset=\"https:\/\/shop.asitecsas.com\/wp-content\/uploads\/2023\/09\/logo-asistencia-tecnologica-nombre.png 394w, https:\/\/shop.asitecsas.com\/wp-content\/uploads\/2023\/09\/logo-asistencia-tecnologica-nombre-300x183.png 300w\" sizes=\"(max-width: 394px) 100vw, 394px\" \/><\/figure>\n","protected":false},"excerpt":{"rendered":"<p>Politicas de privacidad Politicas de privacidad del sitio web de&nbsp;ASISTENCIA TECNOLOGICA SAS&nbsp;es propiedad de&nbsp;ASISTENCIA TECNOLOGICA SAS, quien es responsable del tratamiento de sus datos personales. tambi\u00e9n proporciona las razones por las cuales debemos recopilar ciertos datos personales sobre usted. Por lo tanto, debe leer esta Pol\u00edtica de Privacidad antes de utilizar el sitio web de &hellip;<\/p>\n<p class=\"read-more\"> <a class=\"\" href=\"https:\/\/shop.asitecsas.com\/index.php\/politica-privacidad\/\"> <span class=\"screen-reader-text\">Politicas de privacidad<\/span> Read More &raquo;<\/a><\/p>\n","protected":false},"author":1,"featured_media":0,"parent":0,"menu_order":0,"comment_status":"closed","ping_status":"open","template":"","meta":{"site-sidebar-layout":"default","site-content-layout":"","ast-site-content-layout":"","site-content-style":"default","site-sidebar-style":"default","ast-global-header-display":"","ast-banner-title-visibility":"","ast-main-header-display":"","ast-hfb-above-header-display":"","ast-hfb-below-header-display":"","ast-hfb-mobile-header-display":"","site-post-title":"","ast-breadcrumbs-content":"","ast-featured-img":"","footer-sml-layout":"","theme-transparent-header-meta":"","adv-header-id-meta":"","stick-header-meta":"","header-above-stick-meta":"","header-main-stick-meta":"","header-below-stick-meta":"","astra-migrate-meta-layouts":"","footnotes":""},"_links":{"self":[{"href":"https:\/\/shop.asitecsas.com\/index.php\/wp-json\/wp\/v2\/pages\/3"}],"collection":[{"href":"https:\/\/shop.asitecsas.com\/index.php\/wp-json\/wp\/v2\/pages"}],"about":[{"href":"https:\/\/shop.asitecsas.com\/index.php\/wp-json\/wp\/v2\/types\/page"}],"author":[{"embeddable":true,"href":"https:\/\/shop.asitecsas.com\/index.php\/wp-json\/wp\/v2\/users\/1"}],"replies":[{"embeddable":true,"href":"https:\/\/shop.asitecsas.com\/index.php\/wp-json\/wp\/v2\/comments?post=3"}],"version-history":[{"count":2,"href":"https:\/\/shop.asitecsas.com\/index.php\/wp-json\/wp\/v2\/pages\/3\/revisions"}],"predecessor-version":[{"id":26,"href":"https:\/\/shop.asitecsas.com\/index.php\/wp-json\/wp\/v2\/pages\/3\/revisions\/26"}],"wp:attachment":[{"href":"https:\/\/shop.asitecsas.com\/index.php\/wp-json\/wp\/v2\/media?parent=3"}],"curies":[{"name":"wp","href":"https:\/\/api.w.org\/{rel}","templated":true}]}}